{"id":190,"date":"2024-05-21T15:35:56","date_gmt":"2024-05-21T13:35:56","guid":{"rendered":"https:\/\/laurencepapon.fr\/?page_id=190"},"modified":"2025-11-03T21:55:35","modified_gmt":"2025-11-03T20:55:35","slug":"qui-suis-je","status":"publish","type":"page","link":"https:\/\/laurencepapon.fr\/index.php\/qui-suis-je\/","title":{"rendered":"Qui suis-je ?"},"content":{"rendered":"\n<div class=\"wp-block-columns is-layout-flex wp-container-core-columns-is-layout-e0e4babd wp-block-columns-is-layout-flex\" style=\"padding-right:0;padding-left:0\">\n<div class=\"wp-block-column is-layout-flow wp-block-column-is-layout-flow\" style=\"flex-basis:100%\">\n<div class=\"wp-block-columns is-layout-flex wp-container-core-columns-is-layout-28f84493 wp-block-columns-is-layout-flex\">\n<div class=\"wp-block-column is-layout-flow wp-container-core-column-is-layout-f07b7ac0 wp-block-column-is-layout-flow\" style=\"padding-right:var(--wp--preset--spacing--30);padding-left:var(--wp--preset--spacing--30);flex-basis:20%\">\n<p><\/p>\n\n\n\n<figure class=\"wp-block-image size-full is-style-rounded\"><img loading=\"lazy\" decoding=\"async\" width=\"258\" height=\"238\" src=\"https:\/\/laurencepapon.fr\/wp-content\/uploads\/2024\/08\/ron.jpg\" alt=\"\" class=\"wp-image-695\" style=\"object-fit:cover\"\/><\/figure>\n<\/div>\n\n\n\n<div class=\"wp-block-column is-vertically-aligned-bottom has-medium-font-size is-layout-flow wp-block-column-is-layout-flow\" style=\"padding-right:0;padding-left:0;flex-basis:70%\">\n<p style=\"text-align: justify; font-size: 14px;\">\n<i>L\u2019\u00e9coute n\u2019a qu\u2019un seul but\u00a0: permettre \u00e0 l\u2019autre de vider son c\u0153ur. Si vous pratiquez ainsi, la compassion sera toujours l\u00e0. Si la conscience est l\u00e0, je suis s\u00fbr que vous savez tous ici que la haine, la violence et la col\u00e8re ne peuvent \u00eatre neutralis\u00e9es et gu\u00e9ries que par la compassion.<\/i> \n<\/p>\n<p style=\"text-align: right; font-size: 12px;\">\n<i>Thich Nhat Hanh <\/i> \n<\/p>\n\n\n\n<figure class=\"wp-block-image aligncenter size-full is-resized\"><img loading=\"lazy\" decoding=\"async\" width=\"1908\" height=\"306\" src=\"https:\/\/laurencepapon.fr\/wp-content\/uploads\/2024\/10\/psycologue-1.png\" alt=\"\" class=\"wp-image-871\" style=\"width:268px;height:auto\" srcset=\"https:\/\/laurencepapon.fr\/wp-content\/uploads\/2024\/10\/psycologue-1.png 1908w, https:\/\/laurencepapon.fr\/wp-content\/uploads\/2024\/10\/psycologue-1-300x48.png 300w, https:\/\/laurencepapon.fr\/wp-content\/uploads\/2024\/10\/psycologue-1-1024x164.png 1024w, https:\/\/laurencepapon.fr\/wp-content\/uploads\/2024\/10\/psycologue-1-768x123.png 768w, https:\/\/laurencepapon.fr\/wp-content\/uploads\/2024\/10\/psycologue-1-1536x246.png 1536w\" sizes=\"auto, (max-width: 1908px) 100vw, 1908px\" \/><figcaption class=\"wp-element-caption\">\n<\/figcaption><\/figure>\n\n\n\n<p style=\"text-align: justify; font-size: 16px;\">\n<b> Psychologue <\/b> clinicienne, <b> psychoth\u00e9rapeute <\/b> et coach certifi\u00e9e, je propose\u00a0des <b> consultations individuelles <\/b> pour <b> adultes <\/b>, <b> adolescents <\/b> ou <b> enfants <\/b>, ainsi que des <b> consultations de couple <\/b> ou des <b> m\u00e9diations\u00a0<\/b> dans mon cabinet \u00e0 Cabourg.\n<\/p>\n\n\n\n<p style=\"text-align: justify; font-size: 16px;\">\nJe m&rsquo;attache \u00e0 vous accompagner en cr\u00e9ant des conditions propices \u00e0 une meilleure prise de recul, une plus grande acceptation de soi et une mise en mouvement.\n<\/p>\n\n\n\n<p style=\"text-align: justify; font-size: 16px;\">\nA travers une \u00e9coute bienveillante, nous allons travailler ensemble sur vos sujets de pr\u00e9occupation, pour vous permettre de trouver en vous les ressources n\u00e9cessaires et les solutions qui vous correspondent et de <b> retrouver un sentiment d\u2019apaisement <\/b>.\n<\/p>\n<\/div>\n\n\n\n<div class=\"wp-block-column is-layout-flow wp-block-column-is-layout-flow\" style=\"flex-basis:10%\"><\/div>\n\n\n\n<div class=\"wp-block-column is-layout-flow wp-block-column-is-layout-flow\"><\/div>\n<\/div>\n<\/div>\n<\/div>\n\n\n\n<div style=\"height:0px\" aria-hidden=\"true\" class=\"wp-block-spacer\"><\/div>\n\n\n\n<p><\/p>\n","protected":false},"excerpt":{"rendered":"<p>L\u2019\u00e9coute n\u2019a qu\u2019un seul but\u00a0: permettre \u00e0 l\u2019autre de vider son c\u0153ur. Si vous pratiquez ainsi, la compassion sera toujours l\u00e0. Si la conscience est l\u00e0, je suis s\u00fbr que vous savez tous ici que la haine, la violence et la col\u00e8re ne peuvent \u00eatre neutralis\u00e9es et gu\u00e9ries que par la compassion. Thich Nhat Hanh [&hellip;]<\/p>\n","protected":false},"author":1,"featured_media":0,"parent":0,"menu_order":1,"comment_status":"closed","ping_status":"closed","template":"banniere-2","meta":{"footnotes":""},"class_list":["post-190","page","type-page","status-publish","hentry"],"_links":{"self":[{"href":"https:\/\/laurencepapon.fr\/index.php\/wp-json\/wp\/v2\/pages\/190","targetHints":{"allow":["GET"]}}],"collection":[{"href":"https:\/\/laurencepapon.fr\/index.php\/wp-json\/wp\/v2\/pages"}],"about":[{"href":"https:\/\/laurencepapon.fr\/index.php\/wp-json\/wp\/v2\/types\/page"}],"author":[{"embeddable":true,"href":"https:\/\/laurencepapon.fr\/index.php\/wp-json\/wp\/v2\/users\/1"}],"replies":[{"embeddable":true,"href":"https:\/\/laurencepapon.fr\/index.php\/wp-json\/wp\/v2\/comments?post=190"}],"version-history":[{"count":65,"href":"https:\/\/laurencepapon.fr\/index.php\/wp-json\/wp\/v2\/pages\/190\/revisions"}],"predecessor-version":[{"id":1018,"href":"https:\/\/laurencepapon.fr\/index.php\/wp-json\/wp\/v2\/pages\/190\/revisions\/1018"}],"wp:attachment":[{"href":"https:\/\/laurencepapon.fr\/index.php\/wp-json\/wp\/v2\/media?parent=190"}],"curies":[{"name":"wp","href":"https:\/\/api.w.org\/{rel}","templated":true}]}}