{"id":255,"date":"2024-05-21T16:51:05","date_gmt":"2024-05-21T14:51:05","guid":{"rendered":"https:\/\/laurencepapon.fr\/?page_id=255"},"modified":"2025-11-04T00:15:15","modified_gmt":"2025-11-03T23:15:15","slug":"mes-accompagnements","status":"publish","type":"page","link":"https:\/\/laurencepapon.fr\/index.php\/mes-accompagnements\/","title":{"rendered":"Accompagnements"},"content":{"rendered":"\n<div class=\"wp-block-columns is-layout-flex wp-container-core-columns-is-layout-e0e4babd wp-block-columns-is-layout-flex\" style=\"padding-right:0;padding-left:0\">\n<div class=\"wp-block-column is-layout-flow wp-block-column-is-layout-flow\" style=\"flex-basis:100%\">\n<div class=\"wp-block-columns is-layout-flex wp-container-core-columns-is-layout-28f84493 wp-block-columns-is-layout-flex\">\n<div class=\"wp-block-column is-layout-flow wp-block-column-is-layout-flow\" style=\"padding-right:var(--wp--preset--spacing--30);padding-left:var(--wp--preset--spacing--30);flex-basis:35%\">\n<figure class=\"wp-block-image size-medium is-resized is-style-rounded\"><img loading=\"lazy\" decoding=\"async\" width=\"300\" height=\"128\" src=\"https:\/\/laurencepapon.fr\/wp-content\/uploads\/2024\/10\/dddd-1-300x128.png\" alt=\"\" class=\"wp-image-847\" style=\"aspect-ratio:1;object-fit:cover;width:230px;height:auto\" srcset=\"https:\/\/laurencepapon.fr\/wp-content\/uploads\/2024\/10\/dddd-1-300x128.png 300w, https:\/\/laurencepapon.fr\/wp-content\/uploads\/2024\/10\/dddd-1.png 428w\" sizes=\"auto, (max-width: 300px) 100vw, 300px\" \/><\/figure>\n<\/div>\n\n\n\n<div class=\"wp-block-column is-vertically-aligned-top has-medium-font-size is-layout-flow wp-block-column-is-layout-flow\" style=\"padding-right:0;padding-left:0;flex-basis:70%\">\n<div style=\"height:3px\" aria-hidden=\"true\" class=\"wp-block-spacer\"><\/div>\n\n\n\n<div style=\"text-align: justify; font-size: 14px;\">\n<i>\nServez les \u00eatres humains avec compassion, et si votre but est de contribuer \u00e0 leur bien-\u00eatre et que vous faites cela de plein gr\u00e9 (&#8230;), quand nous donnons de cette mani\u00e8re-l\u00e0, il devient tr\u00e8s difficile et tr\u00e8s subtil de dire qui donne et qui re\u00e7oit.\n<\/i><\/div>\n<div style=\"text-align: right; font-size: 12px;transform: translateY(-30px);\"><i> Marshall Rosenberg\n<\/i><\/div>\n\n\n\n<figure class=\"wp-block-image aligncenter size-large\"><img loading=\"lazy\" decoding=\"async\" width=\"1024\" height=\"164\" src=\"https:\/\/laurencepapon.fr\/wp-content\/uploads\/2024\/10\/psycologue-4-1024x164.png\" alt=\"\" class=\"wp-image-880\" srcset=\"https:\/\/laurencepapon.fr\/wp-content\/uploads\/2024\/10\/psycologue-4-1024x164.png 1024w, https:\/\/laurencepapon.fr\/wp-content\/uploads\/2024\/10\/psycologue-4-300x48.png 300w, https:\/\/laurencepapon.fr\/wp-content\/uploads\/2024\/10\/psycologue-4-768x123.png 768w, https:\/\/laurencepapon.fr\/wp-content\/uploads\/2024\/10\/psycologue-4-1536x246.png 1536w, https:\/\/laurencepapon.fr\/wp-content\/uploads\/2024\/10\/psycologue-4.png 1908w\" sizes=\"auto, (max-width: 1024px) 100vw, 1024px\" \/><\/figure>\n<\/div>\n\n\n\n<div class=\"wp-block-column is-layout-flow wp-block-column-is-layout-flow\" style=\"flex-basis:30%\"><\/div>\n<\/div>\n<\/div>\n<\/div>\n\n\n\n<div style=\"height:11px\" aria-hidden=\"true\" class=\"wp-block-spacer\"><\/div>\n\n\n\n<div class=\"wp-block-columns is-layout-flex wp-container-core-columns-is-layout-e0e4babd wp-block-columns-is-layout-flex\" style=\"padding-right:0;padding-left:0\">\n<div class=\"wp-block-column is-layout-flow wp-block-column-is-layout-flow\" style=\"flex-basis:100%\">\n<div class=\"wp-block-columns is-layout-flex wp-container-core-columns-is-layout-28f84493 wp-block-columns-is-layout-flex\">\n<div class=\"wp-block-column is-layout-flow wp-block-column-is-layout-flow\" style=\"flex-basis:20%\">\n<p><\/p>\n<\/div>\n\n\n\n<div class=\"wp-block-column has-medium-font-size is-layout-flow wp-block-column-is-layout-flow\" style=\"padding-right:0;padding-left:0;flex-basis:70%\">\n<p style=\"text-align: justify; font-size: 16px;\">\nJ&rsquo;accompagne, par la m\u00e9diation de la <strong>parole<\/strong> et des <strong>protocoles cibl\u00e9s<\/strong>, adultes, adolescents et enfants \u00e2g\u00e9s de <strong>plus de 6 ans<\/strong> \u2013 sous r\u00e9serve de l&rsquo;accord parental pour un mineur.<\/p>\n\n\n\n<p style=\"text-align: justify; font-size: 16px;\">\n<b> S\u00e9ance de psychologie\/psychoth\u00e9rapie <\/b>\n<ul style=\"text-align: justify; font-size: 16px; transform: translateY(-20px);\">\n        <li>au moment d&rsquo;un questionnement majeur ou d&rsquo;une \u00e9preuve de vie<\/li>\n        <li>si vous vous sentez d\u00e9bord\u00e9.e par vos \u00e9motions, trop r\u00e9actif.ve, gardant tout pour vous<\/li>\n        <li>en cas de trouble g\u00eanant votre quotidien (anxi\u00e9t\u00e9, tristesse, difficult\u00e9 relationnelle\u2026)<\/li>\n        <li>suite \u00e0 un traumatisme (abus, accident, agression, viol&#8230;)<\/li>\n        <li>pour tout mal-\u00eatre ou besoin de prise en charge psychologique.<\/li>\n    <\/ul>\n<style>\n    ul {\n        list-style-type: square; \/* Options: disc, circle, square, none *\/\n    }\n<\/style>\n<\/p>\n\n\n\n<div style=\"height:0px\" aria-hidden=\"true\" class=\"wp-block-spacer\"><\/div>\n\n\n\n<p style=\"text-align: justify; font-size: 16px; transform: translateY(-20px);\">\n<b> Th\u00e9rapie de couple <\/b> et <b> M\u00e9diation <\/b> <i> (entre un parent et son enfant, entre associ\u00e9s\u2026)<\/i>\n<br> Pour vous aider \u00e0 entendre et comprendre le positionnement de l&rsquo;autre et \u00e0 faire entendre le v\u00f4tre. Vous pourrez ainsi gagner en conscience sur les situations qui vous pr\u00e9occupent et agir au mieux.<\/p>\n\n\n\n<p style=\"text-align: justify; font-size: 16px; transform: translateY(-20px);\">\n<b> S\u00e9ance parents-enfant &#8211; pour les enfants en bas- \u00e2ge<\/b>\n<br> Pour favoriser une mise en mouvement du syst\u00e8me familial et le mieux-\u00eatre de l\u2019enfant en tenant compte de ses potentiels liens avec l\u2019ext\u00e9rieur (garderie, \u00e9cole\u2026).<\/p>\n\n\n\n<figure class=\"wp-block-image aligncenter size-large is-resized\"><img loading=\"lazy\" decoding=\"async\" width=\"1024\" height=\"164\" src=\"https:\/\/laurencepapon.fr\/wp-content\/uploads\/2024\/10\/psycologue-4-1024x164.png\" alt=\"\" class=\"wp-image-880\" style=\"width:356px;height:auto\" srcset=\"https:\/\/laurencepapon.fr\/wp-content\/uploads\/2024\/10\/psycologue-4-1024x164.png 1024w, https:\/\/laurencepapon.fr\/wp-content\/uploads\/2024\/10\/psycologue-4-300x48.png 300w, https:\/\/laurencepapon.fr\/wp-content\/uploads\/2024\/10\/psycologue-4-768x123.png 768w, https:\/\/laurencepapon.fr\/wp-content\/uploads\/2024\/10\/psycologue-4-1536x246.png 1536w, https:\/\/laurencepapon.fr\/wp-content\/uploads\/2024\/10\/psycologue-4.png 1908w\" sizes=\"auto, (max-width: 1024px) 100vw, 1024px\" \/><\/figure>\n\n\n\n<p style=\"text-align: justify; font-size: 16px;\"> \n<b> Coach certifi\u00e9e<\/b>, je propose \u00e9galement un <b>accompagnement<\/b> au plan <b>professionnel<\/b>.\n<\/p>\n\n\n\n<p style=\"text-align: justify; font-size: 16px;\"> \n<b> Coaching<\/b>\n<br> En cas de doute ou questionnement, de stress au travail <em>(harc\u00e8lement, burn-out, perte d&#8217;emploi&#8230;)<\/em>, de changement <em>(prise de poste, reconversion, recherche d\u2019emploi&#8230;)<\/em> ou de difficult\u00e9 au travail <em>(relationnelle, peurs diverses comme la prise de parole en public)<\/em>.<\/p>\n\n\n\n<p style=\"text-align: justify; font-size: 16px;\"> \n<b> Bilan professionnel<\/b>\n<br> Pour vous aider \u00e0 d\u00e9finir et concr\u00e9tiser votre projet professionnel..<\/p>\n<\/div>\n\n\n\n<div class=\"wp-block-column is-layout-flow wp-block-column-is-layout-flow\" style=\"flex-basis:10%\"><\/div>\n<\/div>\n<\/div>\n<\/div>\n\n\n\n<p><\/p>\n","protected":false},"excerpt":{"rendered":"<p>Servez les \u00eatres humains avec compassion, et si votre but est de contribuer \u00e0 leur bien-\u00eatre et que vous faites cela de plein gr\u00e9 (&#8230;), quand nous donnons de cette mani\u00e8re-l\u00e0, il devient tr\u00e8s difficile et tr\u00e8s subtil de dire qui donne et qui re\u00e7oit. Marshall Rosenberg J&rsquo;accompagne, par la m\u00e9diation de la parole et [&hellip;]<\/p>\n","protected":false},"author":1,"featured_media":0,"parent":0,"menu_order":3,"comment_status":"closed","ping_status":"closed","template":"banniere-2","meta":{"footnotes":""},"class_list":["post-255","page","type-page","status-publish","hentry"],"_links":{"self":[{"href":"https:\/\/laurencepapon.fr\/index.php\/wp-json\/wp\/v2\/pages\/255","targetHints":{"allow":["GET"]}}],"collection":[{"href":"https:\/\/laurencepapon.fr\/index.php\/wp-json\/wp\/v2\/pages"}],"about":[{"href":"https:\/\/laurencepapon.fr\/index.php\/wp-json\/wp\/v2\/types\/page"}],"author":[{"embeddable":true,"href":"https:\/\/laurencepapon.fr\/index.php\/wp-json\/wp\/v2\/users\/1"}],"replies":[{"embeddable":true,"href":"https:\/\/laurencepapon.fr\/index.php\/wp-json\/wp\/v2\/comments?post=255"}],"version-history":[{"count":68,"href":"https:\/\/laurencepapon.fr\/index.php\/wp-json\/wp\/v2\/pages\/255\/revisions"}],"predecessor-version":[{"id":1122,"href":"https:\/\/laurencepapon.fr\/index.php\/wp-json\/wp\/v2\/pages\/255\/revisions\/1122"}],"wp:attachment":[{"href":"https:\/\/laurencepapon.fr\/index.php\/wp-json\/wp\/v2\/media?parent=255"}],"curies":[{"name":"wp","href":"https:\/\/api.w.org\/{rel}","templated":true}]}}