{"id":270,"date":"2024-05-21T17:13:41","date_gmt":"2024-05-21T15:13:41","guid":{"rendered":"https:\/\/laurencepapon.fr\/?page_id=270"},"modified":"2025-11-01T23:18:45","modified_gmt":"2025-11-01T22:18:45","slug":"informations-pratiques","status":"publish","type":"page","link":"https:\/\/laurencepapon.fr\/index.php\/informations-pratiques\/","title":{"rendered":"Infos pratiques"},"content":{"rendered":"\n<div class=\"wp-block-columns is-layout-flex wp-container-core-columns-is-layout-e0e4babd wp-block-columns-is-layout-flex\" style=\"padding-right:0;padding-left:0\">\n<div class=\"wp-block-column is-layout-flow wp-block-column-is-layout-flow\" style=\"flex-basis:100%\">\n<div class=\"wp-block-columns is-layout-flex wp-container-core-columns-is-layout-28f84493 wp-block-columns-is-layout-flex\">\n<div class=\"wp-block-column is-layout-flow wp-block-column-is-layout-flow\" style=\"flex-basis:15%\">\n<p><\/p>\n<\/div>\n\n\n\n<div class=\"wp-block-column has-medium-font-size is-layout-flow wp-block-column-is-layout-flow\" style=\"padding-right:0;padding-left:0;flex-basis:70%\">\n<p><strong>Lieu<\/strong><\/p>\n\n\n\n<p class=\"has-text-align-left has-small-font-size\">14, Avenue de l&rsquo;Aquilon \u2013 14390 Cabourg <br><em>(\u00e0 300 m de la plage et \u00e0 l&rsquo;angle avec le Bd des Diablotins)<\/em> <br>RdC \u2013 Parking gratuit dans la rue <em>&nbsp;<\/em><\/p>\n\n\n\n<p class=\"has-text-align-left has-small-font-size\"><em>Visites \u00e0 domicile possibles<\/em> <em>(+ frais de transport)<\/em><\/p>\n\n\n\n<p class=\"has-text-align-left has-small-font-size\"><\/p>\n<\/div>\n<\/div>\n<\/div>\n<\/div>\n\n\n\n<div class=\"wp-block-columns is-layout-flex wp-container-core-columns-is-layout-e0e4babd wp-block-columns-is-layout-flex\" style=\"padding-right:0;padding-left:0\">\n<div class=\"wp-block-column is-layout-flow wp-block-column-is-layout-flow\" style=\"flex-basis:100%\">\n<div class=\"wp-block-columns is-layout-flex wp-container-core-columns-is-layout-28f84493 wp-block-columns-is-layout-flex\">\n<div class=\"wp-block-column is-layout-flow wp-block-column-is-layout-flow\" style=\"flex-basis:20%\">\n<p><\/p>\n<\/div>\n\n\n\n<div class=\"wp-block-column has-medium-font-size is-layout-flow wp-block-column-is-layout-flow\" style=\"padding-right:0;padding-left:0;flex-basis:100%\">\n<figure class=\"wp-block-image size-large\"><img loading=\"lazy\" decoding=\"async\" width=\"1024\" height=\"428\" src=\"https:\/\/laurencepapon.fr\/wp-content\/uploads\/2025\/11\/Cabinet-1024x428.jpg\" alt=\"\" class=\"wp-image-943\" srcset=\"https:\/\/laurencepapon.fr\/wp-content\/uploads\/2025\/11\/Cabinet-1024x428.jpg 1024w, https:\/\/laurencepapon.fr\/wp-content\/uploads\/2025\/11\/Cabinet-300x126.jpg 300w, https:\/\/laurencepapon.fr\/wp-content\/uploads\/2025\/11\/Cabinet-768x321.jpg 768w, https:\/\/laurencepapon.fr\/wp-content\/uploads\/2025\/11\/Cabinet.jpg 1128w\" sizes=\"auto, (max-width: 1024px) 100vw, 1024px\" \/><\/figure>\n\n\n\n<p class=\"has-medium-font-size\"><strong>Horaires d&rsquo;ouverture<\/strong><\/p>\n\n\n\n<p class=\"has-small-font-size\">Lundi-Mardi-Mercredi-Vendredi-Samedi<br>9h00 \u2013 12h00&nbsp; et&nbsp; 14h00 \u2013 20h00<\/p>\n\n\n\n<p><\/p>\n\n\n\n<p><strong>Tarifs<\/strong><\/p>\n\n\n\n<figure class=\"wp-block-table has-small-font-size\"><table style=\"border-width:1px\"><tbody><tr><td>S\u00e9ance de psychologie \/ psychoth\u00e9rapie<\/td><td>45 mn<\/td><td>65 \u20ac<\/td><\/tr><tr><td>Th\u00e9rapie de couple<\/td><td>1h \u00e0 1h30<\/td><td>90 \u00e0 130 \u20ac <\/td><\/tr><tr><td>EMDR<\/td><td>1h \u00e0 1h30<\/td><td>80 \u00e0 120 \u20ac <\/td><\/tr><tr><td>ICV<\/td><td>1h <\/td><td>80\u20ac<\/td><\/tr><tr><td>S\u00e9ance parents-enfant<\/td><td>45 mn<\/td><td>65 \u20ac<\/td><\/tr><\/tbody><\/table><\/figure>\n\n\n\n<p class=\"has-small-font-size\"><strong>Moyens de paiement<\/strong>\u00a0: ch\u00e8ques ou esp\u00e8ces<br><em>Cartes bancaires non accept\u00e9es<\/em><\/p>\n\n\n\n<p class=\"has-small-font-size\">Une facture vous sera transmise pour chaque s\u00e9ance que vous pourrez envoyer \u00e0 votre mutuelle si celle-ci rembourse tout ou partie des consultations chez un psychologue.<\/p>\n\n\n\n<p><\/p>\n\n\n\n<p class=\"has-small-font-size\"><em><strong>Important<\/strong><\/em><\/p>\n\n\n\n<ul class=\"wp-block-list\">\n<li class=\"has-small-font-size\">N&rsquo;\u00e9tant pas partenaire du dispositif MONPSY, les consultations sont \u00e0 vos frais.<\/li>\n\n\n\n<li class=\"has-small-font-size\">Tout rendez-vous pris et non annul\u00e9 48h \u00e0 l\u2019avance sera d\u00fb.<\/li>\n<\/ul>\n\n\n\n<p><\/p>\n\n\n\n<p><strong>Num\u00e9ros utiles<\/strong><\/p>\n\n\n\n<p><a href=\"https:\/\/la-parenthese-psy.com\/infos-pratiques\/soutien-psychologique-gratuit\/\">Soutien psychologique gratuit<\/a><\/p>\n\n\n\n<p><\/p>\n<\/div>\n\n\n\n<div class=\"wp-block-column is-layout-flow wp-block-column-is-layout-flow\" style=\"flex-basis:10%\"><\/div>\n<\/div>\n<\/div>\n<\/div>\n\n\n\n<div style=\"height:33px\" aria-hidden=\"true\" class=\"wp-block-spacer\"><\/div>\n\n\n\n<div style=\"height:24px\" aria-hidden=\"true\" class=\"wp-block-spacer\"><\/div>\n\n\n\n<div style=\"height:0px\" aria-hidden=\"true\" class=\"wp-block-spacer\"><\/div>\n\n\n\n<p><\/p>\n","protected":false},"excerpt":{"rendered":"<p>Lieu 14, Avenue de l&rsquo;Aquilon \u2013 14390 Cabourg (\u00e0 300 m de la plage et \u00e0 l&rsquo;angle avec le Bd des Diablotins) RdC \u2013 Parking gratuit dans la rue &nbsp; Visites \u00e0 domicile possibles (+ frais de transport) Horaires d&rsquo;ouverture Lundi-Mardi-Mercredi-Vendredi-Samedi9h00 \u2013 12h00&nbsp; et&nbsp; 14h00 \u2013 20h00 Tarifs S\u00e9ance de psychologie \/ psychoth\u00e9rapie 45 mn [&hellip;]<\/p>\n","protected":false},"author":1,"featured_media":0,"parent":0,"menu_order":4,"comment_status":"closed","ping_status":"closed","template":"banniere-2","meta":{"footnotes":""},"class_list":["post-270","page","type-page","status-publish","hentry"],"_links":{"self":[{"href":"https:\/\/laurencepapon.fr\/index.php\/wp-json\/wp\/v2\/pages\/270","targetHints":{"allow":["GET"]}}],"collection":[{"href":"https:\/\/laurencepapon.fr\/index.php\/wp-json\/wp\/v2\/pages"}],"about":[{"href":"https:\/\/laurencepapon.fr\/index.php\/wp-json\/wp\/v2\/types\/page"}],"author":[{"embeddable":true,"href":"https:\/\/laurencepapon.fr\/index.php\/wp-json\/wp\/v2\/users\/1"}],"replies":[{"embeddable":true,"href":"https:\/\/laurencepapon.fr\/index.php\/wp-json\/wp\/v2\/comments?post=270"}],"version-history":[{"count":83,"href":"https:\/\/laurencepapon.fr\/index.php\/wp-json\/wp\/v2\/pages\/270\/revisions"}],"predecessor-version":[{"id":947,"href":"https:\/\/laurencepapon.fr\/index.php\/wp-json\/wp\/v2\/pages\/270\/revisions\/947"}],"wp:attachment":[{"href":"https:\/\/laurencepapon.fr\/index.php\/wp-json\/wp\/v2\/media?parent=270"}],"curies":[{"name":"wp","href":"https:\/\/api.w.org\/{rel}","templated":true}]}}