{"id":290,"date":"2024-05-21T18:04:08","date_gmt":"2024-05-21T16:04:08","guid":{"rendered":"https:\/\/laurencepapon.fr\/?page_id=290"},"modified":"2025-11-03T23:23:15","modified_gmt":"2025-11-03T22:23:15","slug":"revervation","status":"publish","type":"page","link":"https:\/\/laurencepapon.fr\/index.php\/revervation\/","title":{"rendered":"Contact"},"content":{"rendered":"\n<div class=\"wp-block-columns is-layout-flex wp-container-core-columns-is-layout-e0e4babd wp-block-columns-is-layout-flex\" style=\"padding-right:0;padding-left:0\">\n<div class=\"wp-block-column is-layout-flow wp-block-column-is-layout-flow\" style=\"flex-basis:100%\">\n<div class=\"wp-block-columns is-layout-flex wp-container-core-columns-is-layout-28f84493 wp-block-columns-is-layout-flex\">\n<div class=\"wp-block-column is-layout-flow wp-block-column-is-layout-flow\" style=\"padding-right:var(--wp--preset--spacing--30);padding-left:var(--wp--preset--spacing--30);flex-basis:20%\">\n<figure class=\"wp-block-image size-full is-resized is-style-rounded\"><img loading=\"lazy\" decoding=\"async\" width=\"458\" height=\"600\" src=\"https:\/\/laurencepapon.fr\/wp-content\/uploads\/2024\/10\/sssssss.jpg\" alt=\"\" class=\"wp-image-842\" style=\"aspect-ratio:1;object-fit:cover;width:230px;height:auto\" srcset=\"https:\/\/laurencepapon.fr\/wp-content\/uploads\/2024\/10\/sssssss.jpg 458w, https:\/\/laurencepapon.fr\/wp-content\/uploads\/2024\/10\/sssssss-229x300.jpg 229w\" sizes=\"auto, (max-width: 458px) 100vw, 458px\" \/><\/figure>\n<\/div>\n\n\n\n<div class=\"wp-block-column has-medium-font-size is-layout-flow wp-block-column-is-layout-flow\" style=\"padding-right:0;padding-left:0;flex-basis:70%\">\n<p class=\"has-small-font-size\">Laurence Papon<\/p>\n\n\n\n<p class=\"has-small-font-size\">e-mail : <a href=\"mailto:laurence-papon@orange.fr\">laurence-papon@orange.fr<\/a><\/p>\n\n\n\n<p class=\"has-small-font-size\">portable : <a href=\"http:\/\/06.88.09.81.18\/\" target=\"_blank\" rel=\"noreferrer noopener\">06.88.09.81.18<\/a><\/p>\n\n\n\n<figure class=\"wp-block-image alignleft size-full is-resized\"><img loading=\"lazy\" decoding=\"async\" width=\"600\" height=\"131\" src=\"http:\/\/laurencepapon.fr\/wp-content\/uploads\/2024\/08\/papi-650.png\" alt=\"\" class=\"wp-image-687\" style=\"width:334px;height:auto\" srcset=\"https:\/\/laurencepapon.fr\/wp-content\/uploads\/2024\/08\/papi-650.png 600w, https:\/\/laurencepapon.fr\/wp-content\/uploads\/2024\/08\/papi-650-300x66.png 300w\" sizes=\"auto, (max-width: 600px) 100vw, 600px\" \/><\/figure>\n<\/div>\n\n\n\n<div class=\"wp-block-column is-layout-flow wp-block-column-is-layout-flow\" style=\"flex-basis:10%\"><\/div>\n<\/div>\n<\/div>\n<\/div>\n\n\n<style id=\"wpforms-css-vars-root\">\n\t\t\t\t:root {\n\t\t\t\t\t--wpforms-field-border-radius: 3px;\n--wpforms-field-border-style: solid;\n--wpforms-field-border-size: 1px;\n--wpforms-field-background-color: #ffffff;\n--wpforms-field-border-color: rgba( 0, 0, 0, 0.25 );\n--wpforms-field-border-color-spare: rgba( 0, 0, 0, 0.25 );\n--wpforms-field-text-color: rgba( 0, 0, 0, 0.7 );\n--wpforms-field-menu-color: #ffffff;\n--wpforms-label-color: rgba( 0, 0, 0, 0.85 );\n--wpforms-label-sublabel-color: rgba( 0, 0, 0, 0.55 );\n--wpforms-label-error-color: #d63637;\n--wpforms-button-border-radius: 3px;\n--wpforms-button-border-style: none;\n--wpforms-button-border-size: 1px;\n--wpforms-button-background-color: #066aab;\n--wpforms-button-border-color: #066aab;\n--wpforms-button-text-color: #ffffff;\n--wpforms-page-break-color: #066aab;\n--wpforms-background-image: none;\n--wpforms-background-position: center center;\n--wpforms-background-repeat: no-repeat;\n--wpforms-background-size: cover;\n--wpforms-background-width: 100px;\n--wpforms-background-height: 100px;\n--wpforms-background-color: rgba( 0, 0, 0, 0 );\n--wpforms-background-url: none;\n--wpforms-container-padding: 0px;\n--wpforms-container-border-style: none;\n--wpforms-container-border-width: 1px;\n--wpforms-container-border-color: #000000;\n--wpforms-container-border-radius: 3px;\n--wpforms-field-size-input-height: 43px;\n--wpforms-field-size-input-spacing: 15px;\n--wpforms-field-size-font-size: 16px;\n--wpforms-field-size-line-height: 19px;\n--wpforms-field-size-padding-h: 14px;\n--wpforms-field-size-checkbox-size: 16px;\n--wpforms-field-size-sublabel-spacing: 5px;\n--wpforms-field-size-icon-size: 1;\n--wpforms-label-size-font-size: 16px;\n--wpforms-label-size-line-height: 19px;\n--wpforms-label-size-sublabel-font-size: 14px;\n--wpforms-label-size-sublabel-line-height: 17px;\n--wpforms-button-size-font-size: 17px;\n--wpforms-button-size-height: 41px;\n--wpforms-button-size-padding-h: 15px;\n--wpforms-button-size-margin-top: 10px;\n--wpforms-container-shadow-size-box-shadow: none;\n\n\t\t\t\t}\n\t\t\t<\/style><div class=\"wpforms-container wpforms-container-full wpforms-block wpforms-block-f222ca9a-de1d-47a8-870c-60446d8182ec wpforms-render-modern\" id=\"wpforms-412\"><form id=\"wpforms-form-412\" class=\"wpforms-validate wpforms-form wpforms-ajax-form\" data-formid=\"412\" method=\"post\" enctype=\"multipart\/form-data\" action=\"\/index.php\/wp-json\/wp\/v2\/pages\/290\" data-token=\"16fa1f0a4e82e63f2c123aae8f55d38e\" data-token-time=\"1775577124\"><noscript class=\"wpforms-error-noscript\">Veuillez activer JavaScript dans votre navigateur pour remplir ce formulaire.<\/noscript><div class=\"wpforms-hidden\" id=\"wpforms-error-noscript\">Veuillez activer JavaScript dans votre navigateur pour remplir ce formulaire.<\/div><div class=\"wpforms-field-container\"><div id=\"wpforms-412-field_0-container\" class=\"wpforms-field wpforms-field-name\" data-field-id=\"0\"><label class=\"wpforms-field-label\" for=\"wpforms-412-field_0\">Pr\u00e9nom <span class=\"wpforms-required-label\" aria-hidden=\"true\">*<\/span><\/label><input type=\"text\" id=\"wpforms-412-field_0\" class=\"wpforms-field-medium wpforms-field-required\" name=\"wpforms[fields][0]\" aria-errormessage=\"wpforms-412-field_0-error\" required><\/div><div id=\"wpforms-412-field_7-container\" class=\"wpforms-field wpforms-field-name\" data-field-id=\"7\"><label class=\"wpforms-field-label\" for=\"wpforms-412-field_7\">Nom <span class=\"wpforms-required-label\" aria-hidden=\"true\">*<\/span><\/label><input type=\"text\" id=\"wpforms-412-field_7\" class=\"wpforms-field-medium wpforms-field-required\" name=\"wpforms[fields][7]\" aria-errormessage=\"wpforms-412-field_7-error\" required><\/div><div id=\"wpforms-412-field_4-container\" class=\"wpforms-field wpforms-field-text\" data-field-id=\"4\"><label class=\"wpforms-field-label\" for=\"wpforms-412-field_4\">T\u00e9l\u00e9phone <span class=\"wpforms-required-label\" aria-hidden=\"true\">*<\/span><\/label><input type=\"text\" id=\"wpforms-412-field_4\" class=\"wpforms-field-medium wpforms-field-required\" name=\"wpforms[fields][4]\" aria-errormessage=\"wpforms-412-field_4-error\" required><\/div><div id=\"wpforms-412-field_1-container\" class=\"wpforms-field wpforms-field-email\" data-field-id=\"1\"><label class=\"wpforms-field-label\" for=\"wpforms-412-field_1\">E-mail <span class=\"wpforms-required-label\" aria-hidden=\"true\">*<\/span><\/label><input type=\"email\" id=\"wpforms-412-field_1\" class=\"wpforms-field-medium wpforms-field-required\" name=\"wpforms[fields][1]\" spellcheck=\"false\" aria-errormessage=\"wpforms-412-field_1-error\" required><\/div><div id=\"wpforms-412-field_2-container\" class=\"wpforms-field wpforms-field-textarea\" data-field-id=\"2\"><label class=\"wpforms-field-label\" for=\"wpforms-412-field_2\">Probl\u00e9matique en quelques mots <span class=\"wpforms-required-label\" aria-hidden=\"true\">*<\/span><\/label><textarea id=\"wpforms-412-field_2\" class=\"wpforms-field-medium wpforms-field-required\" name=\"wpforms[fields][2]\" aria-errormessage=\"wpforms-412-field_2-error\" required><\/textarea><\/div><div id=\"wpforms-412-field_6-container\" class=\"wpforms-field wpforms-field-checkbox\" data-field-id=\"6\"><fieldset><legend class=\"wpforms-field-label\">Traitement de vos donn\u00e9es personnelles  <span class=\"wpforms-required-label\" aria-hidden=\"true\">*<\/span><\/legend><ul id=\"wpforms-412-field_6\" class=\"wpforms-field-required\"><li class=\"choice-1 depth-1\"><input type=\"checkbox\" id=\"wpforms-412-field_6_1\" name=\"wpforms[fields][6][]\" value=\"Pour accord : j&#039;accepte que les donn\u00e9es saisies dans ce formulaire de contact soient trait\u00e9es par Laurence Papon.\" aria-errormessage=\"wpforms-412-field_6_1-error\" aria-describedby=\"wpforms-412-field_6-description\" required ><label class=\"wpforms-field-label-inline\" for=\"wpforms-412-field_6_1\">Pour accord : j&rsquo;accepte que les donn\u00e9es saisies dans ce formulaire de contact soient trait\u00e9es par Laurence Papon.<\/label><\/li><\/ul><div id=\"wpforms-412-field_6-description\" class=\"wpforms-field-description\">Je recueille vos donn\u00e9es afin de traiter votre demande de contact. Les donn\u00e9es requises sont n\u00e9cessaires pour en assurer le suivi et sont r\u00e9serv\u00e9es \u00e0 mon usage exclusif. Elles ne seront en aucun cas communiqu\u00e9es \u00e0 des tiers. Conform\u00e9ment \u00e0 la loi Informatique et libert\u00e9s (Art. 34 de la loi \u00ab Informatique et libert\u00e9s \u00bb du 6 janvier 1978), vous b\u00e9n\u00e9ficiez d\u2019un droit d\u2019acc\u00e8s, de modification, de rectification et de suppression des donn\u00e9es vous concernant. Vous seul pouvez exercer ces droits sur vos propres donn\u00e9es en vous adressant \u00e0 : laurence-papon@orange.fr\r\n\r\n\r\n<\/div><\/fieldset><\/div><\/div><!-- .wpforms-field-container --><div class=\"wpforms-submit-container\" ><input type=\"hidden\" name=\"wpforms[id]\" value=\"412\"><input type=\"hidden\" name=\"page_title\" value=\"\"><input type=\"hidden\" name=\"page_url\" value=\"https:\/\/laurencepapon.fr\/index.php\/wp-json\/wp\/v2\/pages\/290\"><button type=\"submit\" name=\"wpforms[submit]\" id=\"wpforms-submit-412\" class=\"wpforms-submit\" data-alt-text=\"Envoi...\" data-submit-text=\"Envoyer\" aria-live=\"assertive\" value=\"wpforms-submit\">Envoyer<\/button><img loading=\"lazy\" decoding=\"async\" src=\"https:\/\/laurencepapon.fr\/wp-content\/plugins\/wpforms-lite\/assets\/images\/submit-spin.svg\" class=\"wpforms-submit-spinner\" style=\"display: none;\" width=\"26\" height=\"26\" alt=\"Chargement en cours\"><\/div><\/form><\/div>  <!-- .wpforms-container -->","protected":false},"excerpt":{"rendered":"<p>Laurence Papon e-mail : laurence-papon@orange.fr portable : 06.88.09.81.18<\/p>\n","protected":false},"author":1,"featured_media":0,"parent":0,"menu_order":5,"comment_status":"closed","ping_status":"closed","template":"banniere-2","meta":{"footnotes":""},"class_list":["post-290","page","type-page","status-publish","hentry"],"_links":{"self":[{"href":"https:\/\/laurencepapon.fr\/index.php\/wp-json\/wp\/v2\/pages\/290","targetHints":{"allow":["GET"]}}],"collection":[{"href":"https:\/\/laurencepapon.fr\/index.php\/wp-json\/wp\/v2\/pages"}],"about":[{"href":"https:\/\/laurencepapon.fr\/index.php\/wp-json\/wp\/v2\/types\/page"}],"author":[{"embeddable":true,"href":"https:\/\/laurencepapon.fr\/index.php\/wp-json\/wp\/v2\/users\/1"}],"replies":[{"embeddable":true,"href":"https:\/\/laurencepapon.fr\/index.php\/wp-json\/wp\/v2\/comments?post=290"}],"version-history":[{"count":48,"href":"https:\/\/laurencepapon.fr\/index.php\/wp-json\/wp\/v2\/pages\/290\/revisions"}],"predecessor-version":[{"id":1081,"href":"https:\/\/laurencepapon.fr\/index.php\/wp-json\/wp\/v2\/pages\/290\/revisions\/1081"}],"wp:attachment":[{"href":"https:\/\/laurencepapon.fr\/index.php\/wp-json\/wp\/v2\/media?parent=290"}],"curies":[{"name":"wp","href":"https:\/\/api.w.org\/{rel}","templated":true}]}}